{"id":552,"date":"2022-04-07T15:05:49","date_gmt":"2022-04-07T13:05:49","guid":{"rendered":"https:\/\/test.impulsis.ch\/sgqt\/?page_id=552"},"modified":"2026-02-11T09:14:52","modified_gmt":"2026-02-11T08:14:52","slug":"impressum","status":"publish","type":"page","link":"https:\/\/sgqt.ch\/fr\/impressum\/","title":{"rendered":"Mentions l\u00e9gales"},"content":{"rendered":"<h1 class=\"wp-block-heading\">Mentions l\u00e9gales<\/h1>\n\n\n\n<p><strong>Propri\u00e9taire du site:<\/strong><\/p>\n\n\n\n<p>ASQT<br>Association Suisse pour le Qigong et le Taijiquan<br>Zurich, Suisse&nbsp;<\/p>\n\n\n\n<p>Contact:&nbsp;<a href=\"mailto:info@sgqt.ch\">info@sgqt.ch<\/a><\/p>\n\n\n\n<p>Vertretungsberechtigte Person: Fredy Buttauer<\/p>\n\n\n\n<p>Photos du site&nbsp;<a href=\"https:\/\/hpbaertschi.ch\/\">Hanspeter B\u00e4rtschi<\/a><\/p>\n\n\n\n<p><br><br><strong>Clause de non-responsabilit\u00e9<\/strong><br>Les auteurs ne garantissent pas l\u2019exactitude, la pr\u00e9cision, l\u2019actualit\u00e9, la fiabilit\u00e9 ni l\u2019exhaustivit\u00e9 des informations transmises.<br>Les auteurs ne sauraient \u00eatre tenus pour responsables des dommages mat\u00e9riels ou immat\u00e9riels caus\u00e9s par l\u2019acc\u00e8s aux informations publi\u00e9es, par leur mise en application ou non, ou par des probl\u00e8mes de connexion ou d\u2019autres probl\u00e8mes techniques.<br><br>Toutes les offres propos\u00e9es sur ce site sont sans engagement. Les auteurs se r\u00e9servent express\u00e9ment le droit de modifier, de compl\u00e9ter ou de supprimer des parties de pages ou l\u2019ensemble des offres sans avis pr\u00e9alable, ou d\u2019en suspendre temporairement ou d\u00e9finitivement la publication.<br><br><strong>Clause de non-responsabilit\u00e9 sur les contenus et liens<\/strong><br>Les renvois et liens vers des sites internet de tiers ne rel\u00e8vent pas de notre responsabilit\u00e9. Nous d\u00e9clinons toute responsabilit\u00e9 concernant les sites internet de tiers. La consultation de tels sites et leur utilisation se font aux risques et p\u00e9rils de l\u2019utilisateur.<br><br><strong>Droits d'auteur<\/strong><br>Les droits d\u2019auteur et tous les autres droits li\u00e9s aux contenus, images, photos ou autres fichiers pr\u00e9sents sur ce site internet sont la propri\u00e9t\u00e9 exclusive de l\u2019ASQT ou des d\u00e9tenteurs de droits cit\u00e9s express\u00e9ment. Pour la reproduction de tout \u00e9l\u00e9ment publi\u00e9, l\u2019accord \u00e9crit du d\u00e9tenteur des droits doit \u00eatre obtenu au pr\u00e9alable.<br><br><strong>Source<\/strong>:&nbsp;<a href=\"https:\/\/brainbox.swiss\/\">BrainBox Solutions<\/a><\/p>","protected":false},"excerpt":{"rendered":"<p>Impressum Verantwortlich f\u00fcr die Webseite: SGQTSchweizerische Gesellschaft f\u00fcr Qigong und TaijiquanZ\u00fcrich, Schweiz&nbsp; Kontakt:&nbsp;info@sgqt.ch Vertretungsberechtigte Person: Fredy Buttauer Fotos Webseite:&nbsp;Hanspeter B\u00e4rtschi &#8230; <br \/><a class=\"read-more\" href=\"https:\/\/sgqt.ch\/fr\/impressum\/\">Read More<\/a><\/p>","protected":false},"author":1,"featured_media":0,"parent":0,"menu_order":120,"comment_status":"closed","ping_status":"closed","template":"","meta":{"_acf_changed":false,"footnotes":""},"class_list":["post-552","page","type-page","status-publish","hentry"],"acf":[],"yoast_head":"<!-- This site is optimized with the Yoast SEO plugin v27.5 - https:\/\/yoast.com\/product\/yoast-seo-wordpress\/ -->\n<title>Impressum | SGQT<\/title>\n<meta name=\"robots\" content=\"index, follow, max-snippet:-1, max-image-preview:large, max-video-preview:-1\" \/>\n<link rel=\"canonical\" href=\"https:\/\/www.sgqt.ch\/impressum\/\" \/>\n<meta property=\"og:locale\" content=\"fr_FR\" \/>\n<meta property=\"og:type\" content=\"article\" \/>\n<meta property=\"og:title\" content=\"Impressum | SGQT\" \/>\n<meta property=\"og:description\" content=\"Impressum Verantwortlich f\u00fcr die Webseite: SGQTSchweizerische Gesellschaft f\u00fcr Qigong und TaijiquanZ\u00fcrich, Schweiz&nbsp; Kontakt:&nbsp;info@sgqt.ch Vertretungsberechtigte Person: Fredy Buttauer Fotos Webseite:&nbsp;Hanspeter B\u00e4rtschi ... Read More\" \/>\n<meta property=\"og:url\" content=\"https:\/\/www.sgqt.ch\/impressum\/\" \/>\n<meta property=\"og:site_name\" content=\"SGQT\" \/>\n<meta property=\"article:modified_time\" content=\"2026-02-11T08:14:52+00:00\" \/>\n<meta name=\"twitter:card\" content=\"summary_large_image\" \/>\n<meta name=\"twitter:label1\" content=\"Est. reading time\" \/>\n\t<meta name=\"twitter:data1\" content=\"2 minutes\" \/>\n<script type=\"application\/ld+json\" class=\"yoast-schema-graph\">{\"@context\":\"https:\\\/\\\/schema.org\",\"@graph\":[{\"@type\":\"WebPage\",\"@id\":\"https:\\\/\\\/www.sgqt.ch\\\/impressum\\\/\",\"url\":\"https:\\\/\\\/www.sgqt.ch\\\/impressum\\\/\",\"name\":\"Impressum | SGQT\",\"isPartOf\":{\"@id\":\"http:\\\/\\\/sgqt.asqt.ch\\\/it\\\/#website\"},\"datePublished\":\"2022-04-07T13:05:49+00:00\",\"dateModified\":\"2026-02-11T08:14:52+00:00\",\"breadcrumb\":{\"@id\":\"https:\\\/\\\/www.sgqt.ch\\\/impressum\\\/#breadcrumb\"},\"inLanguage\":\"fr-FR\",\"potentialAction\":[{\"@type\":\"ReadAction\",\"target\":[\"https:\\\/\\\/www.sgqt.ch\\\/impressum\\\/\"]}]},{\"@type\":\"BreadcrumbList\",\"@id\":\"https:\\\/\\\/www.sgqt.ch\\\/impressum\\\/#breadcrumb\",\"itemListElement\":[{\"@type\":\"ListItem\",\"position\":1,\"name\":\"Startseite\",\"item\":\"http:\\\/\\\/sgqt.asqt.ch\\\/it\\\/\"},{\"@type\":\"ListItem\",\"position\":2,\"name\":\"Impressum\"}]},{\"@type\":\"WebSite\",\"@id\":\"http:\\\/\\\/sgqt.asqt.ch\\\/it\\\/#website\",\"url\":\"http:\\\/\\\/sgqt.asqt.ch\\\/it\\\/\",\"name\":\"SGQT\",\"description\":\"\",\"potentialAction\":[{\"@type\":\"SearchAction\",\"target\":{\"@type\":\"EntryPoint\",\"urlTemplate\":\"http:\\\/\\\/sgqt.asqt.ch\\\/it\\\/?s={search_term_string}\"},\"query-input\":{\"@type\":\"PropertyValueSpecification\",\"valueRequired\":true,\"valueName\":\"search_term_string\"}}],\"inLanguage\":\"fr-FR\"}]}<\/script>\n<!-- \/ Yoast SEO plugin. -->","yoast_head_json":{"title":"Impressum | SGQT","robots":{"index":"index","follow":"follow","max-snippet":"max-snippet:-1","max-image-preview":"max-image-preview:large","max-video-preview":"max-video-preview:-1"},"canonical":"https:\/\/www.sgqt.ch\/impressum\/","og_locale":"fr_FR","og_type":"article","og_title":"Impressum | SGQT","og_description":"Impressum Verantwortlich f\u00fcr die Webseite: SGQTSchweizerische Gesellschaft f\u00fcr Qigong und TaijiquanZ\u00fcrich, Schweiz&nbsp; Kontakt:&nbsp;info@sgqt.ch Vertretungsberechtigte Person: Fredy Buttauer Fotos Webseite:&nbsp;Hanspeter B\u00e4rtschi ... Read More","og_url":"https:\/\/www.sgqt.ch\/impressum\/","og_site_name":"SGQT","article_modified_time":"2026-02-11T08:14:52+00:00","twitter_card":"summary_large_image","twitter_misc":{"Est. reading time":"2 minutes"},"schema":{"@context":"https:\/\/schema.org","@graph":[{"@type":"WebPage","@id":"https:\/\/www.sgqt.ch\/impressum\/","url":"https:\/\/www.sgqt.ch\/impressum\/","name":"Impressum | SGQT","isPartOf":{"@id":"http:\/\/sgqt.asqt.ch\/it\/#website"},"datePublished":"2022-04-07T13:05:49+00:00","dateModified":"2026-02-11T08:14:52+00:00","breadcrumb":{"@id":"https:\/\/www.sgqt.ch\/impressum\/#breadcrumb"},"inLanguage":"fr-FR","potentialAction":[{"@type":"ReadAction","target":["https:\/\/www.sgqt.ch\/impressum\/"]}]},{"@type":"BreadcrumbList","@id":"https:\/\/www.sgqt.ch\/impressum\/#breadcrumb","itemListElement":[{"@type":"ListItem","position":1,"name":"Startseite","item":"http:\/\/sgqt.asqt.ch\/it\/"},{"@type":"ListItem","position":2,"name":"Impressum"}]},{"@type":"WebSite","@id":"http:\/\/sgqt.asqt.ch\/it\/#website","url":"http:\/\/sgqt.asqt.ch\/it\/","name":"ASQT","description":"","potentialAction":[{"@type":"SearchAction","target":{"@type":"EntryPoint","urlTemplate":"http:\/\/sgqt.asqt.ch\/it\/?s={search_term_string}"},"query-input":{"@type":"PropertyValueSpecification","valueRequired":true,"valueName":"search_term_string"}}],"inLanguage":"fr-FR"}]}},"_links":{"self":[{"href":"https:\/\/sgqt.ch\/fr\/wp-json\/wp\/v2\/pages\/552","targetHints":{"allow":["GET"]}}],"collection":[{"href":"https:\/\/sgqt.ch\/fr\/wp-json\/wp\/v2\/pages"}],"about":[{"href":"https:\/\/sgqt.ch\/fr\/wp-json\/wp\/v2\/types\/page"}],"author":[{"embeddable":true,"href":"https:\/\/sgqt.ch\/fr\/wp-json\/wp\/v2\/users\/1"}],"replies":[{"embeddable":true,"href":"https:\/\/sgqt.ch\/fr\/wp-json\/wp\/v2\/comments?post=552"}],"version-history":[{"count":1,"href":"https:\/\/sgqt.ch\/fr\/wp-json\/wp\/v2\/pages\/552\/revisions"}],"predecessor-version":[{"id":1935,"href":"https:\/\/sgqt.ch\/fr\/wp-json\/wp\/v2\/pages\/552\/revisions\/1935"}],"wp:attachment":[{"href":"https:\/\/sgqt.ch\/fr\/wp-json\/wp\/v2\/media?parent=552"}],"curies":[{"name":"wp","href":"https:\/\/api.w.org\/{rel}","templated":true}]}}